{"id":36,"date":"2023-06-21T16:20:59","date_gmt":"2023-06-21T14:20:59","guid":{"rendered":"https:\/\/www.kulturosvirene.lt\/?page_id=36"},"modified":"2025-07-10T08:26:44","modified_gmt":"2025-07-10T06:26:44","slug":"projektai","status":"publish","type":"page","link":"https:\/\/www.kulturosvirene.lt\/en\/projektai\/","title":{"rendered":"Project"},"content":{"rendered":"\n<p><strong><em>Project \u201cCreative Community Space in Kuliai\u201d<\/em><\/strong><\/p>\n\n\n\n<p><em>Project promoter: <\/em>Plung\u0117 district Kuliai town community \u201cAlantas\u201d.<br><em>Project partners:<\/em> Plung\u0117 district Kuliai Culture Center, V\u0160\u012e \u201eDomus alba\u201c, V\u0160\u012e \u201eTa\u0161ko\u201c<br>teatras, V\u0160\u012e \u201eKintai Arts\u201c, M. K. \u010ciurlionio namai, Association \u201eMano miestas Klaip\u0117da\u201c, MB<br>Classics \u2013 Opera Opus, Company B. Valiente, Plung\u0117 district municipal administration, V\u0160\u012e<br>\u201eKlaip\u0117dos jaunimo teatras\u201c, Plung\u0117 district Kuliai school.<\/p>\n\n\n\n<p><em>Project was implemented with funding of Republic of Lithuania and European Economic<br>Area\u2019s financial mechanisms program \u201cKult\u016bra\u201d, which totals to 968.4 thousand euro.<\/em><\/p>\n\n\n\n<p><em>Goal \u2013 improve entrepreneurial skills of community members by strengthening local<br>cultural-historical identity. Main mission \u2013 restore building of historical significance, adapt its use<br>for cultural, art and educational activities, create new local products and services.<\/em><\/p>\n\n\n\n<p>Project activities ran for two and half years, from September of 2021 to March of 2024. In<br>them participated eleven project partners from Lithuania and Norway.<br><em><strong>Achieved results:<\/strong><\/em><br>* Culturally-significant building of 18th century was restored and opened for new<br>activities.<br>* A new brand \u201cKult\u016bros viren\u0117\u201c was created with marketing strategy and visual<br>identity.<\/p>\n\n\n\n<p>*10 cultural enterpreneurship sessions and 4 enterpreneurship events took place in the<br>region.<br>* Created new art pieces: project partners created 12 theatre plays, which in Kuliai<br>town were performed at least 35 times. To note a few: \u201cMi\u0161kelis\u201c, \u201c\u017demait\u0117je\u201c (\u201cKlaip\u0117dos<br>jaunimo teatras\u201d), \u201cPresti\u017ein\u0117 profesija\u201c, \u201cTylos p\u0117dsakai\u201c, \u201cToli i\u0161 arti\u201c (\u201cTa\u0161ko teatras\u201d),<br>\u201cI\u0161pa\u017eintis\u201d (\u201cDomus alba\u201d), \u201cPaslaptingoji Peer Gynt kelion\u0117\u201c (\u201cM. K. \u010ciurlionio namai\u201d).<br>* New educational services in restored building: informal cultural education for<br>youths, historical tours of area of Kuliai, theatrical education and market.<\/p>\n","protected":false},"excerpt":{"rendered":"<p>Project \u201cCreative Community Space in Kuliai\u201d Project promoter: Plung\u0117 district Kuliai town community \u201cAlantas\u201d.Project partners: Plung\u0117 district Kuliai Culture Center, V\u0160\u012e \u201eDomus alba\u201c, V\u0160\u012e \u201eTa\u0161ko\u201cteatras, V\u0160\u012e \u201eKintai Arts\u201c, M. K&#8230;.<\/p>\n","protected":false},"author":1,"featured_media":964,"parent":0,"menu_order":0,"comment_status":"closed","ping_status":"closed","template":"page-side-thumbnail-template.php","meta":{"footnotes":""},"class_list":["post-36","page","type-page","status-publish","has-post-thumbnail","hentry"],"translation":{"provider":"WPGlobus","version":"3.0.2","language":"en","enabled_languages":["lt","en"],"languages":{"lt":{"title":true,"content":true,"excerpt":false},"en":{"title":true,"content":true,"excerpt":false}}},"_links":{"self":[{"href":"https:\/\/www.kulturosvirene.lt\/en\/wp-json\/wp\/v2\/pages\/36","targetHints":{"allow":["GET"]}}],"collection":[{"href":"https:\/\/www.kulturosvirene.lt\/en\/wp-json\/wp\/v2\/pages"}],"about":[{"href":"https:\/\/www.kulturosvirene.lt\/en\/wp-json\/wp\/v2\/types\/page"}],"author":[{"embeddable":true,"href":"https:\/\/www.kulturosvirene.lt\/en\/wp-json\/wp\/v2\/users\/1"}],"replies":[{"embeddable":true,"href":"https:\/\/www.kulturosvirene.lt\/en\/wp-json\/wp\/v2\/comments?post=36"}],"version-history":[{"count":28,"href":"https:\/\/www.kulturosvirene.lt\/en\/wp-json\/wp\/v2\/pages\/36\/revisions"}],"predecessor-version":[{"id":970,"href":"https:\/\/www.kulturosvirene.lt\/en\/wp-json\/wp\/v2\/pages\/36\/revisions\/970"}],"wp:featuredmedia":[{"embeddable":true,"href":"https:\/\/www.kulturosvirene.lt\/en\/wp-json\/wp\/v2\/media\/964"}],"wp:attachment":[{"href":"https:\/\/www.kulturosvirene.lt\/en\/wp-json\/wp\/v2\/media?parent=36"}],"curies":[{"name":"wp","href":"https:\/\/api.w.org\/{rel}","templated":true}]}}