{"id":48,"date":"2023-06-21T16:27:20","date_gmt":"2023-06-21T14:27:20","guid":{"rendered":"https:\/\/www.kulturosvirene.lt\/?page_id=48"},"modified":"2023-07-03T16:01:07","modified_gmt":"2023-07-03T14:01:07","slug":"kontaktai","status":"publish","type":"page","link":"https:\/\/www.kulturosvirene.lt\/en\/kontaktai\/","title":{"rendered":"Contacts"},"content":{"rendered":"\n<p>+37061114410<br>kulturosvirene@gmail.com<br>Liep\u0173 st. 1, Kuli\u0173 city, Plung\u0117s district<\/p>\n\n\n\n<div style=\"height:30px\" aria-hidden=\"true\" class=\"wp-block-spacer\"><\/div>\n\n\n\n<p>&#8220;Alantas&#8221; community of Kuliai region of Plung\u0117 district<br>Organization code 171759577<br>J. Tumo -Vai\u017eganto st. 6-1, Kuli\u0173 city, Plung\u0117s district.<\/p>\n\n\n\t\t<div\n            id=\"wpmapblock_2681a467\"\n            data-settings='{&quot;map_marker&quot;:[{&quot;lat&quot;:&quot;55.805881&quot;,&quot;lng&quot;:&quot;21.653978&quot;,&quot;title&quot;:&quot;Plung\\u0117s rajono Kuli\\u0173 kra\\u0161to bendruomen\\u0117 \\u0026quot;Alantas\\u0026quot;&quot;,&quot;content&quot;:&quot;J. Tumo -Vai\\u017eganto g. 6-1, Kuli\\u0173 mstl., Plung\\u0117s r.&quot;,&quot;iconType&quot;:&quot;default&quot;,&quot;customIconUrl&quot;:&quot;&quot;,&quot;customIconWidth&quot;:&quot;25&quot;,&quot;customIconHeight&quot;:&quot;40&quot;}],&quot;map_zoom&quot;:&quot;20&quot;,&quot;scroll_wheel_zoom&quot;:false,&quot;map_type&quot;:&quot;GM&quot;,&quot;center_index&quot;:0}'\n            class=\"wpmapblockrender\"\n            style=\"\n\t\t\twidth: 100%;\n\t\t\theight: 500px;\n\t\t\"\n            >\n        <\/div>\n        ","protected":false},"excerpt":{"rendered":"<p>+37061114410kulturosvirene@gmail.comLiep\u0173 st. 1, Kuli\u0173 city, Plung\u0117s district &#8220;Alantas&#8221; community of Kuliai region of Plung\u0117 districtOrganization code 171759577J. Tumo -Vai\u017eganto st. 6-1, Kuli\u0173 city, Plung\u0117s district.<\/p>\n","protected":false},"author":1,"featured_media":149,"parent":0,"menu_order":0,"comment_status":"closed","ping_status":"closed","template":"page-side-thumbnail-template.php","meta":{"footnotes":""},"class_list":["post-48","page","type-page","status-publish","has-post-thumbnail","hentry"],"translation":{"provider":"WPGlobus","version":"3.0.2","language":"en","enabled_languages":["lt","en"],"languages":{"lt":{"title":true,"content":true,"excerpt":false},"en":{"title":true,"content":true,"excerpt":false}}},"_links":{"self":[{"href":"https:\/\/www.kulturosvirene.lt\/en\/wp-json\/wp\/v2\/pages\/48","targetHints":{"allow":["GET"]}}],"collection":[{"href":"https:\/\/www.kulturosvirene.lt\/en\/wp-json\/wp\/v2\/pages"}],"about":[{"href":"https:\/\/www.kulturosvirene.lt\/en\/wp-json\/wp\/v2\/types\/page"}],"author":[{"embeddable":true,"href":"https:\/\/www.kulturosvirene.lt\/en\/wp-json\/wp\/v2\/users\/1"}],"replies":[{"embeddable":true,"href":"https:\/\/www.kulturosvirene.lt\/en\/wp-json\/wp\/v2\/comments?post=48"}],"version-history":[{"count":12,"href":"https:\/\/www.kulturosvirene.lt\/en\/wp-json\/wp\/v2\/pages\/48\/revisions"}],"predecessor-version":[{"id":279,"href":"https:\/\/www.kulturosvirene.lt\/en\/wp-json\/wp\/v2\/pages\/48\/revisions\/279"}],"wp:featuredmedia":[{"embeddable":true,"href":"https:\/\/www.kulturosvirene.lt\/en\/wp-json\/wp\/v2\/media\/149"}],"wp:attachment":[{"href":"https:\/\/www.kulturosvirene.lt\/en\/wp-json\/wp\/v2\/media?parent=48"}],"curies":[{"name":"wp","href":"https:\/\/api.w.org\/{rel}","templated":true}]}}